{"id":196,"date":"2009-05-30T16:09:54","date_gmt":"2009-05-30T14:09:54","guid":{"rendered":"http:\/\/www.sbskl.com\/?page_id=196"},"modified":"2009-06-08T16:44:41","modified_gmt":"2009-06-08T14:44:41","slug":"coup-de-foudre-pour-un-pique-nique-sympa-et-dietetique","status":"publish","type":"page","link":"http:\/\/www.sbskl.com\/?page_id=196","title":{"rendered":"Coup de foudre pour un pique-nique sympa et di\u00e9t\u00e9tique"},"content":{"rendered":"<p>Avec le beau temps qui arrive 8), un petit pique-nique, \u00e7a peut le faire&#8230;<\/p>\n<p><em>Merci \u00e0 l&rsquo;\u00e9mission \u00ab\u00a0Bon et \u00e0 savoir\u00a0\u00bb diffus\u00e9e sur M6 pour ses pr\u00e9cieux conseils.<br \/>\n<\/em><\/p>\n<h3>Soupe fraiche en entr\u00e9e<\/h3>\n<ul>\n<li>Past\u00e8que<\/li>\n<li>Tomate<\/li>\n<li>Ch\u00e8vre frais<\/li>\n<li>Thym citron<\/li>\n<\/ul>\n<p>Coupez la past\u00e8que et les tomates en gros morceaux, les passer au mixeur. Ajoutez le ch\u00e8vre frais en petits morceaux et le thym citron.<\/p>\n<h3>Sandwich en plat<\/h3>\n<ul>\n<li>Pain de campagne<\/li>\n<li>Fromage frais (kiri)<\/li>\n<li>Avocat<\/li>\n<li>Saumon<\/li>\n<li>Mache<\/li>\n<li>Jus de citron vert<\/li>\n<\/ul>\n<p>Tartinez le fromage, ajoutez la mache et l&rsquo;avocat (sur chaque tranche). Mettre un filet de jus de citron vert (pour que l&rsquo;avocat ne noircisse pas).Pour finir une belle tranche de saumon entre les deux tartines.<\/p>\n<h3>Raisins glac\u00e9s \u00e0 croquer au dessert<\/h3>\n<p>Mettre des grains de raison un part un dans un sac congelation.Les placer dans le cong\u00e9lateur quelques heures.<\/p>\n<h3>La boisson<\/h3>\n<p>Placer des petites bouteilles d&rsquo;eau au cong\u00e9lateur en ayant pris soin d&rsquo;en vider un peu pour qu&rsquo;elle n&rsquo;\u00e9clate pas. Elles tiendront vos aliments au frais et vous aurez de l&rsquo;eau fraiche.<\/p>\n","protected":false},"excerpt":{"rendered":"<p>Avec le beau temps qui arrive 8), un petit pique-nique, \u00e7a peut le faire&#8230; Merci \u00e0 l&rsquo;\u00e9mission \u00ab\u00a0Bon et \u00e0 savoir\u00a0\u00bb diffus\u00e9e sur M6 pour ses pr\u00e9cieux conseils. Soupe fraiche en entr\u00e9e Past\u00e8que Tomate Ch\u00e8vre frais Thym citron Coupez la past\u00e8que et les tomates en gros morceaux, les passer au mixeur. Ajoutez le ch\u00e8vre frais [&hellip;]<\/p>\n","protected":false},"author":1,"featured_media":0,"parent":198,"menu_order":0,"comment_status":"open","ping_status":"open","template":"","meta":{"footnotes":""},"class_list":["post-196","page","type-page","status-publish","hentry"],"_links":{"self":[{"href":"http:\/\/www.sbskl.com\/index.php?rest_route=\/wp\/v2\/pages\/196","targetHints":{"allow":["GET"]}}],"collection":[{"href":"http:\/\/www.sbskl.com\/index.php?rest_route=\/wp\/v2\/pages"}],"about":[{"href":"http:\/\/www.sbskl.com\/index.php?rest_route=\/wp\/v2\/types\/page"}],"author":[{"embeddable":true,"href":"http:\/\/www.sbskl.com\/index.php?rest_route=\/wp\/v2\/users\/1"}],"replies":[{"embeddable":true,"href":"http:\/\/www.sbskl.com\/index.php?rest_route=%2Fwp%2Fv2%2Fcomments&post=196"}],"version-history":[{"count":5,"href":"http:\/\/www.sbskl.com\/index.php?rest_route=\/wp\/v2\/pages\/196\/revisions"}],"predecessor-version":[{"id":207,"href":"http:\/\/www.sbskl.com\/index.php?rest_route=\/wp\/v2\/pages\/196\/revisions\/207"}],"up":[{"embeddable":true,"href":"http:\/\/www.sbskl.com\/index.php?rest_route=\/wp\/v2\/pages\/198"}],"wp:attachment":[{"href":"http:\/\/www.sbskl.com\/index.php?rest_route=%2Fwp%2Fv2%2Fmedia&parent=196"}],"curies":[{"name":"wp","href":"https:\/\/api.w.org\/{rel}","templated":true}]}}